


{"id":1955,"date":"2018-07-01T17:53:54","date_gmt":"2018-07-01T17:53:54","guid":{"rendered":"http:\/\/www.paroquiadesilgueiros.pt\/?page_id=1955"},"modified":"2024-10-18T13:27:28","modified_gmt":"2024-10-18T13:27:28","slug":"jornal-o-centenario","status":"publish","type":"page","link":"https:\/\/www.paroquiadesilgueiros.pt\/?page_id=1955","title":{"rendered":"Jornal da Par\u00f3quia"},"content":{"rendered":"<p>O <strong>Jornal Paroquial Centen\u00e1rio<\/strong> continua a existir e a cumprir a sua miss\u00e3o de informar a comunidade!<br \/>\nCom publica\u00e7\u00e3o bimestral, o jornal partilha todas as not\u00edcias e acontecimentos relevantes que marcaram a vida da par\u00f3quia.<br \/>\nEmbora os exemplares n\u00e3o estejam dispon\u00edveis diretamente na par\u00f3quia, poder\u00e1 solicit\u00e1-los na igreja paroquial.<br \/>\nN\u00e3o perca a oportunidade de se manter a par de tudo o que se passa na nossa comunidade!<\/p>\n","protected":false},"excerpt":{"rendered":"<p>O Jornal Paroquial Centen\u00e1rio continua a existir e a cumprir a sua miss\u00e3o de informar a comunidade! Com publica\u00e7\u00e3o bimestral, o jornal partilha todas as not\u00edcias e acontecimentos relevantes que marcaram a vida da par\u00f3quia. Embora os exemplares n\u00e3o estejam dispon\u00edveis diretamente na par\u00f3quia, poder\u00e1 solicit\u00e1-los na igreja paroquial. N\u00e3o perca a oportunidade de se <a class=\"moretag\" href=\"https:\/\/www.paroquiadesilgueiros.pt\/?page_id=1955\"> Read more &rarr; <\/a><\/p>\n","protected":false},"author":1,"featured_media":0,"parent":0,"menu_order":0,"comment_status":"closed","ping_status":"closed","template":"","meta":{"footnotes":""},"_links":{"self":[{"href":"https:\/\/www.paroquiadesilgueiros.pt\/index.php?rest_route=\/wp\/v2\/pages\/1955"}],"collection":[{"href":"https:\/\/www.paroquiadesilgueiros.pt\/index.php?rest_route=\/wp\/v2\/pages"}],"about":[{"href":"https:\/\/www.paroquiadesilgueiros.pt\/index.php?rest_route=\/wp\/v2\/types\/page"}],"author":[{"embeddable":true,"href":"https:\/\/www.paroquiadesilgueiros.pt\/index.php?rest_route=\/wp\/v2\/users\/1"}],"replies":[{"embeddable":true,"href":"https:\/\/www.paroquiadesilgueiros.pt\/index.php?rest_route=%2Fwp%2Fv2%2Fcomments&post=1955"}],"version-history":[{"count":33,"href":"https:\/\/www.paroquiadesilgueiros.pt\/index.php?rest_route=\/wp\/v2\/pages\/1955\/revisions"}],"predecessor-version":[{"id":5388,"href":"https:\/\/www.paroquiadesilgueiros.pt\/index.php?rest_route=\/wp\/v2\/pages\/1955\/revisions\/5388"}],"wp:attachment":[{"href":"https:\/\/www.paroquiadesilgueiros.pt\/index.php?rest_route=%2Fwp%2Fv2%2Fmedia&parent=1955"}],"curies":[{"name":"wp","href":"https:\/\/api.w.org\/{rel}","templated":true}]}}