


{"id":13,"date":"2016-03-08T14:53:38","date_gmt":"2016-03-08T14:53:38","guid":{"rendered":"http:\/\/www.paroquiadesilgueiros.pt?page_id=13"},"modified":"2026-04-12T09:03:11","modified_gmt":"2026-04-12T09:03:11","slug":"home-2","status":"publish","type":"page","link":"https:\/\/www.paroquiadesilgueiros.pt\/","title":{"rendered":"P\u00c1SCOA"},"content":{"rendered":"<p>&nbsp;<\/p>\n<p>&nbsp;<\/p>\n<p style=\"text-align: center;\"><span style=\"color: #ff6600;\"><strong><span style=\"font-size: 24pt;\">2\u00ba Domingo da P\u00e1scoa<\/span><\/strong><\/span><\/p>\n<p>&nbsp;<\/p>\n<p>&nbsp;<\/p>\n<p style=\"text-align: center;\"><span style=\"color: #ff0000;\"><span style=\"font-size: 24pt;\"><em>Ano<\/em><\/span><\/span><span style=\"font-size: 18pt; color: #ff0000;\"><em> A<\/em><\/span><\/p>\n<p>&nbsp;<\/p>\n<p>&nbsp;<\/p>\n<p style=\"text-align: center;\"><span style=\"font-size: 18pt; color: #000080;\">12 de Abril de 2026<\/span><\/p>\n<p><span style=\"font-size: 14pt;\">\u00a0<\/span><\/p>\n<p><span style=\"color: #ff0000;\"><em>&#8221;Aclamai o Senhor porque Ele \u00e9 bom. O seu amor \u00e9 para sempre.&#8221;<\/em><\/span><\/p>\n<p>\u00a0 \u00a0 \u00a0 \u00a0 \u00a0<span style=\"font-size: 14pt;\">\u00a0<\/span><\/p>\n<p><span style=\"font-size: 14pt;\">\u00a0 \u00a0 \u00a0 \u00a0 \u00a0 \u00a0 \u00a0Foi o Papa Jo\u00e3o Paulo II que, no ano 2000, consagrou o segundo domingo do tempo pascal como o domingo da <strong>Divina Miseric\u00f3rdia<\/strong>. A liturgia deste domingo convida-nos a contemplar a comunidade de homens novos que nasce da cruz e da ressurrei\u00e7\u00e3o de Jesus \u2013 a Igreja. Jesus ressuscitado, no pr\u00f3prio dia da ressurrei\u00e7\u00e3o, confia \u00e0 sua comunidade a miss\u00e3o de dar testemunho no mundo do amor e da miseric\u00f3rdia de Deus.<\/span><\/p>\n<p><span style=\"font-size: 14pt;\">\u00a0 \u00a0 \u00a0 \u00a0 \u00a0 \u00a0 O Evangelho apresenta a comunidade da Nova Alian\u00e7a, nascida da atividade criadora e vivificadora de Jesus. \u00c9 uma comunidade que se re\u00fane \u00e0 volta de Jesus ressuscitado, que recebe d\u2019Ele Vida, que \u00e9 animada pelo Seu Esp\u00edrito e que d\u00e1 testemunho no mundo da Vida nova de Deus. Quem quiser \u201cver\u201d e \u201ctocar\u201d Jesus ressuscitado, deve procur\u00e1-l\u2019O no meio dessa comunidade que d\u2019Ele nasceu e que d\u2019Ele vive.<\/span><\/p>\n<p><span style=\"font-size: 14pt;\">\u00a0 \u00a0 \u00a0 \u00a0 \u00a0 \u00a0 A primeira leitura \u00e9 uma \u201cfotografia retocada\u201d da primitiva comunidade crist\u00e3 de Jerusal\u00e9m. Lucas, o autor dos Atos dos Ap\u00f3stolos, imprime nela os tra\u00e7os da comunidade ideal: \u00e9 uma comunidade unida e fraterna, onde os bens s\u00e3o partilhados e onde cada um est\u00e1 atento \u00e0s necessidades dos outros irm\u00e3os; \u00e9, tamb\u00e9m, uma comunidade empenhada em escutar a Boa Not\u00edcia de Jesus, em reunir-se para a \u201cfra\u00e7\u00e3o do p\u00e3o\u201d e para a ora\u00e7\u00e3o comunit\u00e1ria. O estilo de vida desta \u201cfam\u00edlia\u201d \u00e9 contagiante e faz com que muitos outros homens e mulheres sintam vontade de integrar a Igreja de Jesus.<\/span><\/p>\n<p><span style=\"font-size: 14pt;\">\u00a0 \u00a0 \u00a0 \u00a0 \u00a0 \u00a0 Na segunda leitura um \u201ccatequista\u201d dos finais do s\u00e9c. I lembra a todos os batizados em Cristo a sua condi\u00e7\u00e3o de homens novos, felizes benefici\u00e1rios da miseric\u00f3rdia de Deus. Cristo, o vencedor da morte, salvou-os e abriu-lhes as portas da vida definitiva. Certos da vida nova que os espera, os crist\u00e3os devem encarar a sua caminhada pela terra com uma \u201cesperan\u00e7a viva\u201d, com uma \u201calegria inef\u00e1vel e gloriosa\u201d, com um otimismo contagiante.<\/span><\/p>\n<p><span style=\"font-size: 14pt;\">\u00a0<\/span> \u00a0 \u00a0<span style=\"font-size: 14pt;\"> <em>(Dehonianos)<\/em><\/span><\/p>\n<p><span style=\"font-size: 14pt;\">\u00a0 \u00a0 \u00a0 \u00a0 \u00a0<\/span><\/p>\n<p><span style=\"font-size: 14pt;\">\u00a0 \u00a0 \u00a0 \u00a0<\/span><\/p>\n<p>\u00a0<span style=\"font-size: 14pt;\">\u00a0 \u00a0 \u00a0 \u00a0<\/span><\/p>\n<p><span style=\"font-size: 14pt;\">\u00a0 \u00a0 \u00a0 \u00a0 \u00a0 \u00a0<\/span><\/p>\n<p>&nbsp;<\/p>\n<p style=\"text-align: justify;\">\u00a0<\/p>\n<p><span style=\"font-size: 14pt;\">\u00a0\u00a0<\/span><\/p>\n<p>\u00a0 \u00a0 \u00a0 \u00a0 \u00a0 <span style=\"font-size: 14pt;\">\u00a0 \u00a0<\/span><\/p>\n<p><span style=\"font-size: 14pt;\">\u00a0 <br \/>\n<\/span><\/p>\n<p><span style=\"font-size: 14pt;\">\u00a0\u00a0<\/span> <span style=\"font-size: 14pt;\">\u00a0\u00a0\u00a0\u00a0<\/span><span style=\"font-size: 14pt;\">\u00a0\u00a0\u00a0\u00a0\u00a0\u00a0\u00a0\u00a0\u00a0 <br \/>\n<\/span><\/p>\n<p>&nbsp;<\/p>\n<p><span style=\"font-size: 14pt;\">\u00a0\u00a0\u00a0\u00a0\u00a0\u00a0\u00a0\u00a0\u00a0<\/span><\/p>\n<p>&nbsp;<\/p>\n<p><span style=\"font-size: 14pt;\">\u00a0 <br \/>\n<\/span><\/p>\n<p><span style=\"font-size: 14pt;\">\u00a0\u00a0<\/span><\/p>\n<p>&nbsp;<\/p>\n<p>\u00a0\u00a0\u00a0\u00a0\u00a0\u00a0\u00a0\u00a0\u00a0\u00a0\u00a0<span style=\"font-size: 14pt;\">\u00a0<\/span><\/p>\n<p><span style=\"font-size: 14pt;\">\u00a0\u00a0\u00a0\u00a0\u00a0\u00a0\u00a0\u00a0\u00a0<\/span><\/p>\n<p><span style=\"font-size: 14pt;\">\u00a0\u00a0\u00a0\u00a0\u00a0\u00a0\u00a0\u00a0\u00a0\u00a0<\/span><\/p>\n<p><span style=\"font-size: 14pt;\">\u00a0\u00a0\u00a0\u00a0\u00a0\u00a0\u00a0\u00a0\u00a0\u00a0\u00a0<\/span><\/p>\n<p>\u00a0\u00a0\u00a0\u00a0\u00a0\u00a0\u00a0\u00a0\u00a0<span style=\"font-size: 14pt;\"> \u00a0<\/span><span style=\"font-size: 14pt;\"> \u00a0\u00a0\u00a0\u00a0\u00a0 <br \/>\n<\/span><\/p>\n<p>\u00a0\u00a0<span style=\"font-size: 14pt;\"> \u00a0\u00a0\u00a0\u00a0\u00a0\u00a0\u00a0\u00a0<\/span><\/p>\n<p>&nbsp;<\/p>\n<p><span style=\"font-size: 14pt;\">\u00a0<\/span><span style=\"font-size: 14pt; color: #008000;\"><em> \u00a0\u00a0\u00a0\u00a0\u00a0\u00a0\u00a0 <br \/>\n<\/em><\/span><\/p>\n<p>&nbsp;<\/p>\n<p>&nbsp;<\/p>\n<p>&nbsp;<\/p>\n<p><span style=\"font-size: 14pt;\"> \u00a0\u00a0\u00a0\u00a0\u00a0\u00a0 <br \/>\n<\/span><\/p>\n<p>\u00a0\u00a0\u00a0\u00a0\u00a0\u00a0\u00a0\u00a0\u00a0\u00a0\u00a0\u00a0<span style=\"font-size: 14pt;\"> \u00a0\u00a0<\/span><\/p>\n<p><span style=\"font-size: 14pt;\">\u00a0<\/span><\/p>\n<p><span style=\"font-size: 14pt;\">\u00a0\u00a0\u00a0\u00a0\u00a0\u00a0 <br \/>\n<\/span><\/p>\n<p><span style=\"font-size: 14pt;\">\u00a0\u00a0\u00a0\u00a0\u00a0 <\/span><\/p>\n<p><span style=\"font-size: 18pt;\"><strong><span style=\"color: #0000ff; font-size: 24pt;\">\u00a0<\/span><\/strong><\/span><\/p>\n<p>&nbsp;<\/p>\n<p>&nbsp;<\/p>\n<p>&nbsp;<\/p>\n<p>&nbsp;<\/p>\n<p style=\"text-align: justify;\"><span style=\"font-size: 14pt;\">\u00a0\u00a0\u00a0\u00a0\u00a0\u00a0<\/span><\/p>\n<p>&nbsp;<\/p>\n","protected":false},"excerpt":{"rendered":"<p>&nbsp; &nbsp; 2\u00ba Domingo da P\u00e1scoa &nbsp; &nbsp; Ano A &nbsp; &nbsp; 12 de Abril de 2026 \u00a0 &#8221;Aclamai o Senhor porque Ele \u00e9 bom. O seu amor \u00e9 para sempre.&#8221; \u00a0 \u00a0 \u00a0 \u00a0 \u00a0\u00a0 \u00a0 \u00a0 \u00a0 \u00a0 \u00a0 \u00a0 \u00a0Foi o Papa Jo\u00e3o Paulo II que, no ano 2000, consagrou o segundo <a class=\"moretag\" href=\"https:\/\/www.paroquiadesilgueiros.pt\/\"> Read more &rarr; <\/a><\/p>\n","protected":false},"author":1,"featured_media":0,"parent":0,"menu_order":0,"comment_status":"closed","ping_status":"closed","template":"","meta":{"footnotes":""},"_links":{"self":[{"href":"https:\/\/www.paroquiadesilgueiros.pt\/index.php?rest_route=\/wp\/v2\/pages\/13"}],"collection":[{"href":"https:\/\/www.paroquiadesilgueiros.pt\/index.php?rest_route=\/wp\/v2\/pages"}],"about":[{"href":"https:\/\/www.paroquiadesilgueiros.pt\/index.php?rest_route=\/wp\/v2\/types\/page"}],"author":[{"embeddable":true,"href":"https:\/\/www.paroquiadesilgueiros.pt\/index.php?rest_route=\/wp\/v2\/users\/1"}],"replies":[{"embeddable":true,"href":"https:\/\/www.paroquiadesilgueiros.pt\/index.php?rest_route=%2Fwp%2Fv2%2Fcomments&post=13"}],"version-history":[{"count":1014,"href":"https:\/\/www.paroquiadesilgueiros.pt\/index.php?rest_route=\/wp\/v2\/pages\/13\/revisions"}],"predecessor-version":[{"id":5712,"href":"https:\/\/www.paroquiadesilgueiros.pt\/index.php?rest_route=\/wp\/v2\/pages\/13\/revisions\/5712"}],"wp:attachment":[{"href":"https:\/\/www.paroquiadesilgueiros.pt\/index.php?rest_route=%2Fwp%2Fv2%2Fmedia&parent=13"}],"curies":[{"name":"wp","href":"https:\/\/api.w.org\/{rel}","templated":true}]}}